{"id":15,"date":"2025-11-06T15:45:31","date_gmt":"2025-11-06T15:45:31","guid":{"rendered":"https:\/\/yourbalance.pt\/?page_id=15"},"modified":"2026-03-17T16:26:12","modified_gmt":"2026-03-17T16:26:12","slug":"homepage","status":"publish","type":"page","link":"https:\/\/yourbalance.pt\/","title":{"rendered":"Homepage"},"content":{"rendered":"\t\t<div data-elementor-type=\"wp-page\" data-elementor-id=\"15\" class=\"elementor elementor-15\">\n\t\t\t\t<div class=\"elementor-element elementor-element-ee4e4af e-grid e-con-full wpr-particle-no wpr-jarallax-no wpr-parallax-no wpr-sticky-section-no wpr-equal-height-no e-con e-parent\" data-id=\"ee4e4af\" data-element_type=\"container\" data-e-type=\"container\" data-settings=\"{&quot;background_background&quot;:&quot;slideshow&quot;,&quot;background_slideshow_gallery&quot;:[{&quot;id&quot;:117,&quot;url&quot;:&quot;https:\\\/\\\/yourbalance.pt\\\/wp-content\\\/uploads\\\/2026\\\/01\\\/yourbalance-home2.jpg&quot;}],&quot;background_slideshow_ken_burns&quot;:&quot;yes&quot;,&quot;background_slideshow_loop&quot;:&quot;yes&quot;,&quot;background_slideshow_slide_duration&quot;:5000,&quot;background_slideshow_slide_transition&quot;:&quot;fade&quot;,&quot;background_slideshow_transition_duration&quot;:500,&quot;background_slideshow_ken_burns_zoom_direction&quot;:&quot;in&quot;}\">\n\t\t\t\t<div class=\"elementor-element elementor-element-72468cf elementor-widget-mobile__width-inherit e-transform e-transform elementor-widget elementor-widget-heading\" data-id=\"72468cf\" data-element_type=\"widget\" data-e-type=\"widget\" data-settings=\"{&quot;_transform_scale_effect_mobile&quot;:{&quot;unit&quot;:&quot;px&quot;,&quot;size&quot;:1.100000000000000088817841970012523233890533447265625,&quot;sizes&quot;:[]},&quot;_transform_translateX_effect&quot;:{&quot;unit&quot;:&quot;px&quot;,&quot;size&quot;:&quot;&quot;,&quot;sizes&quot;:[]},&quot;_transform_translateX_effect_tablet&quot;:{&quot;unit&quot;:&quot;px&quot;,&quot;size&quot;:&quot;&quot;,&quot;sizes&quot;:[]},&quot;_transform_translateX_effect_mobile&quot;:{&quot;unit&quot;:&quot;px&quot;,&quot;size&quot;:&quot;&quot;,&quot;sizes&quot;:[]},&quot;_transform_translateY_effect&quot;:{&quot;unit&quot;:&quot;px&quot;,&quot;size&quot;:&quot;&quot;,&quot;sizes&quot;:[]},&quot;_transform_translateY_effect_tablet&quot;:{&quot;unit&quot;:&quot;px&quot;,&quot;size&quot;:&quot;&quot;,&quot;sizes&quot;:[]},&quot;_transform_translateY_effect_mobile&quot;:{&quot;unit&quot;:&quot;px&quot;,&quot;size&quot;:&quot;&quot;,&quot;sizes&quot;:[]},&quot;_transform_scale_effect&quot;:{&quot;unit&quot;:&quot;px&quot;,&quot;size&quot;:&quot;&quot;,&quot;sizes&quot;:[]},&quot;_transform_scale_effect_tablet&quot;:{&quot;unit&quot;:&quot;px&quot;,&quot;size&quot;:&quot;&quot;,&quot;sizes&quot;:[]}}\" data-widget_type=\"heading.default\">\n\t\t\t\t\t<h2 class=\"elementor-heading-title elementor-size-default\">O seu equil\u00edbrio tem um local ideal.<\/h2>\t\t\t\t<\/div>\n\t\t\t\t<div class=\"elementor-element elementor-element-de3f951 e-transform elementor-widget elementor-widget-text-editor\" data-id=\"de3f951\" data-element_type=\"widget\" data-e-type=\"widget\" data-settings=\"{&quot;_transform_scale_effect_mobile&quot;:{&quot;unit&quot;:&quot;px&quot;,&quot;size&quot;:1.100000000000000088817841970012523233890533447265625,&quot;sizes&quot;:[]},&quot;_transform_scale_effect&quot;:{&quot;unit&quot;:&quot;px&quot;,&quot;size&quot;:&quot;&quot;,&quot;sizes&quot;:[]},&quot;_transform_scale_effect_tablet&quot;:{&quot;unit&quot;:&quot;px&quot;,&quot;size&quot;:&quot;&quot;,&quot;sizes&quot;:[]}}\" data-widget_type=\"text-editor.default\">\n\t\t\t\t\t\t\t\t\t<p data-start=\"79\" data-end=\"450\"><strong data-start=\"79\" data-end=\"95\">Your Balance<\/strong> \u00e9 um centro de est\u00e9tica no Carregado dedicado ao cuidado consciente do corpo e da pele. Oferecemos tratamentos faciais e corporais personalizados, bem como servi\u00e7os de depila\u00e7\u00e3o realizados com rigor, conforto e aten\u00e7\u00e3o ao detalhe. Num ambiente tranquilo e sofisticado, cada experi\u00eancia \u00e9 pensada para promover equil\u00edbrio, bem-estar e resultados vis\u00edveis.<\/p>\t\t\t\t\t\t\t\t<\/div>\n\t\t\t\t<\/div>\n\t\t<div class=\"elementor-element elementor-element-6385a2f6 e-grid e-con-full animated-fast wpr-particle-no wpr-jarallax-no wpr-parallax-no wpr-sticky-section-no wpr-equal-height-no elementor-invisible e-con e-parent\" data-id=\"6385a2f6\" data-element_type=\"container\" data-e-type=\"container\" data-settings=\"{&quot;background_background&quot;:&quot;classic&quot;,&quot;animation&quot;:&quot;fadeIn&quot;,&quot;animation_delay&quot;:&quot;400&quot;}\">\n\t\t\t\t<div class=\"elementor-element elementor-element-f7c4629 animated-fast elementor-invisible elementor-widget elementor-widget-heading\" data-id=\"f7c4629\" data-element_type=\"widget\" data-e-type=\"widget\" data-settings=\"{&quot;_animation&quot;:&quot;fadeIn&quot;}\" data-widget_type=\"heading.default\">\n\t\t\t\t\t<h3 class=\"elementor-heading-title elementor-size-default\">os nossos tratamentos<\/h3>\t\t\t\t<\/div>\n\t\t\t\t<div class=\"elementor-element elementor-element-10ffaf45 animated-fast elementor-position-top elementor-invisible elementor-widget elementor-widget-image-box\" data-id=\"10ffaf45\" data-element_type=\"widget\" data-e-type=\"widget\" data-settings=\"{&quot;_animation&quot;:&quot;fadeIn&quot;,&quot;_animation_delay&quot;:&quot;300&quot;}\" data-widget_type=\"image-box.default\">\n\t\t\t\t\t<div class=\"elementor-image-box-wrapper\"><figure class=\"elementor-image-box-img\"><img fetchpriority=\"high\" decoding=\"async\" width=\"1080\" height=\"1080\" src=\"https:\/\/yourbalance.pt\/wp-content\/uploads\/2026\/01\/tratamento.jpg\" class=\"attachment-full size-full wp-image-140\" alt=\"\" srcset=\"https:\/\/yourbalance.pt\/wp-content\/uploads\/2026\/01\/tratamento.jpg 1080w, https:\/\/yourbalance.pt\/wp-content\/uploads\/2026\/01\/tratamento-300x300.jpg 300w, https:\/\/yourbalance.pt\/wp-content\/uploads\/2026\/01\/tratamento-1024x1024.jpg 1024w, https:\/\/yourbalance.pt\/wp-content\/uploads\/2026\/01\/tratamento-150x150.jpg 150w, https:\/\/yourbalance.pt\/wp-content\/uploads\/2026\/01\/tratamento-768x768.jpg 768w\" sizes=\"(max-width: 1080px) 100vw, 1080px\" \/><\/figure><div class=\"elementor-image-box-content\"><h3 class=\"elementor-image-box-title\">Tratamentos<br>faciais<\/h3><p class=\"elementor-image-box-description\">Na Your Balance, oferecemos servi\u00e7os faciais personalizados que promovem limpeza profunda, hidrata\u00e7\u00e3o, revitaliza\u00e7\u00e3o e rejuvenescimento da pele.<\/p><\/div><\/div>\t\t\t\t<\/div>\n\t\t<div class=\"elementor-element elementor-element-1237ae95 e-flex e-con-boxed wpr-particle-no wpr-jarallax-no wpr-parallax-no wpr-sticky-section-no wpr-equal-height-no e-con e-child\" data-id=\"1237ae95\" data-element_type=\"container\" data-e-type=\"container\">\n\t\t\t\t\t<div class=\"e-con-inner\">\n\t\t\t\t<div class=\"elementor-element elementor-element-4c677e53 animated-fast elementor-position-top elementor-invisible elementor-widget elementor-widget-image-box\" data-id=\"4c677e53\" data-element_type=\"widget\" data-e-type=\"widget\" data-settings=\"{&quot;_animation&quot;:&quot;fadeIn&quot;,&quot;_animation_delay&quot;:&quot;100&quot;}\" data-widget_type=\"image-box.default\">\n\t\t\t\t\t<div class=\"elementor-image-box-wrapper\"><figure class=\"elementor-image-box-img\"><img decoding=\"async\" width=\"1080\" height=\"1080\" src=\"https:\/\/yourbalance.pt\/wp-content\/uploads\/2026\/01\/facial.jpg\" class=\"attachment-full size-full wp-image-139\" alt=\"\" srcset=\"https:\/\/yourbalance.pt\/wp-content\/uploads\/2026\/01\/facial.jpg 1080w, https:\/\/yourbalance.pt\/wp-content\/uploads\/2026\/01\/facial-300x300.jpg 300w, https:\/\/yourbalance.pt\/wp-content\/uploads\/2026\/01\/facial-1024x1024.jpg 1024w, https:\/\/yourbalance.pt\/wp-content\/uploads\/2026\/01\/facial-150x150.jpg 150w, https:\/\/yourbalance.pt\/wp-content\/uploads\/2026\/01\/facial-768x768.jpg 768w\" sizes=\"(max-width: 1080px) 100vw, 1080px\" \/><\/figure><div class=\"elementor-image-box-content\"><h3 class=\"elementor-image-box-title\">Tratamentos<br>Corporais<\/h3><p class=\"elementor-image-box-description\">Os tratamentos corporais s\u00e3o pensados para cuidar do seu corpo de forma completa, promovendo relaxamento, modelagem, redu\u00e7\u00e3o de medidas e melhora da apar\u00eancia da pele.<\/p><\/div><\/div>\t\t\t\t<\/div>\n\t\t\t\t<div class=\"elementor-element elementor-element-412df190 elementor-align-center elementor-hidden-desktop elementor-hidden-tablet elementor-hidden-mobile elementor-widget elementor-widget-button\" data-id=\"412df190\" data-element_type=\"widget\" data-e-type=\"widget\" data-widget_type=\"button.default\">\n\t\t\t\t\t\t\t\t\t\t<a class=\"elementor-button elementor-button-link elementor-size-sm\" href=\"https:\/\/library.elementor.com\/freelance-handywoman-hp\/services\/\">\n\t\t\t\t\t\t<span class=\"elementor-button-content-wrapper\">\n\t\t\t\t\t\t\t\t\t<span class=\"elementor-button-text\">Ver Todos os Servi\u00e7os<\/span>\n\t\t\t\t\t<\/span>\n\t\t\t\t\t<\/a>\n\t\t\t\t\t\t\t\t<\/div>\n\t\t\t\t\t<\/div>\n\t\t\t\t<\/div>\n\t\t\t\t<div class=\"elementor-element elementor-element-67aa4d5 animated-fast elementor-position-top elementor-invisible elementor-widget elementor-widget-image-box\" data-id=\"67aa4d5\" data-element_type=\"widget\" data-e-type=\"widget\" data-settings=\"{&quot;_animation&quot;:&quot;fadeIn&quot;,&quot;_animation_delay&quot;:&quot;200&quot;}\" data-widget_type=\"image-box.default\">\n\t\t\t\t\t<div class=\"elementor-image-box-wrapper\"><figure class=\"elementor-image-box-img\"><img decoding=\"async\" width=\"1080\" height=\"1080\" src=\"https:\/\/yourbalance.pt\/wp-content\/uploads\/2026\/01\/depil.jpg\" class=\"attachment-full size-full wp-image-138\" alt=\"\" srcset=\"https:\/\/yourbalance.pt\/wp-content\/uploads\/2026\/01\/depil.jpg 1080w, https:\/\/yourbalance.pt\/wp-content\/uploads\/2026\/01\/depil-300x300.jpg 300w, https:\/\/yourbalance.pt\/wp-content\/uploads\/2026\/01\/depil-1024x1024.jpg 1024w, https:\/\/yourbalance.pt\/wp-content\/uploads\/2026\/01\/depil-150x150.jpg 150w, https:\/\/yourbalance.pt\/wp-content\/uploads\/2026\/01\/depil-768x768.jpg 768w\" sizes=\"(max-width: 1080px) 100vw, 1080px\" \/><\/figure><div class=\"elementor-image-box-content\"><h3 class=\"elementor-image-box-title\">Depila\u00e7\u00e3o Completa<\/h3><p class=\"elementor-image-box-description\">Oferecemos depila\u00e7\u00e3o completa com t\u00e9cnicas seguras e eficazes, garantindo pele lisa, macia e bem cuidada por muito mais tempo.<\/p><\/div><\/div>\t\t\t\t<\/div>\n\t\t\t\t<\/div>\n\t\t<div class=\"elementor-element elementor-element-5ed38de e-grid e-con-boxed wpr-particle-no wpr-jarallax-no wpr-parallax-no wpr-sticky-section-no wpr-equal-height-no e-con e-parent\" data-id=\"5ed38de\" data-element_type=\"container\" data-e-type=\"container\">\n\t\t\t\t\t<div class=\"e-con-inner\">\n\t\t\t\t<div class=\"elementor-element elementor-element-85fa9e9 elementor-widget elementor-widget-image\" data-id=\"85fa9e9\" data-element_type=\"widget\" data-e-type=\"widget\" data-widget_type=\"image.default\">\n\t\t\t\t\t\t\t\t\t\t\t\t\t\t\t<img loading=\"lazy\" decoding=\"async\" width=\"683\" height=\"1024\" src=\"https:\/\/yourbalance.pt\/wp-content\/uploads\/2026\/02\/Unknown-683x1024.webp\" class=\"attachment-large size-large wp-image-159\" alt=\"\" srcset=\"https:\/\/yourbalance.pt\/wp-content\/uploads\/2026\/02\/Unknown-683x1024.webp 683w, https:\/\/yourbalance.pt\/wp-content\/uploads\/2026\/02\/Unknown-200x300.webp 200w, https:\/\/yourbalance.pt\/wp-content\/uploads\/2026\/02\/Unknown-768x1151.webp 768w, https:\/\/yourbalance.pt\/wp-content\/uploads\/2026\/02\/Unknown-1024x1536.webp 1024w, https:\/\/yourbalance.pt\/wp-content\/uploads\/2026\/02\/Unknown-1366x2048.webp 1366w, https:\/\/yourbalance.pt\/wp-content\/uploads\/2026\/02\/Unknown.webp 1500w\" sizes=\"(max-width: 683px) 100vw, 683px\" \/>\t\t\t\t\t\t\t\t\t\t\t\t\t\t\t<\/div>\n\t\t\t\t<div class=\"elementor-element elementor-element-15d4a74 elementor-widget elementor-widget-cta\" data-id=\"15d4a74\" data-element_type=\"widget\" data-e-type=\"widget\" data-settings=\"{&quot;layout_preset&quot;:&quot;streamline&quot;,&quot;content_alignment&quot;:&quot;start&quot;,&quot;content_alignment_tablet&quot;:&quot;center&quot;,&quot;content_alignment_mobile&quot;:&quot;center&quot;,&quot;primary_button_shape&quot;:&quot;default&quot;,&quot;cta_width&quot;:&quot;default&quot;,&quot;cta_position&quot;:&quot;default&quot;,&quot;box_shape&quot;:&quot;sharp&quot;}\" data-widget_type=\"cta.default\">\n\t\t\t\t<div class=\"elementor-widget-container\">\n\t\t\t\t\t\t\t<div class=\"has-shape-sharp shape-type-box ehp-cta has-preset-streamline\">\n\t\t\t<div class=\"ehp-cta__overlay\"><\/div>\n\t\t\t<div class=\"ehp-cta__elements-container\">\n\t\t\t\t\t\t<div class=\"ehp-cta__text-container\">\n\t\t\t<h2 class=\"ehp-cta__heading\">Icoone Laser Med<\/h2><p class=\"ehp-cta__description\">A Icoone Laser Med \u00e9 um tratamento inovador que combina laser, LED e microestimula\u00e7\u00e3o mec\u00e2nica para atuar de forma profunda e precisa nos tecidos.\nSe procura redefinir o seu corpo e melhorar a qualidade da sua pele com tecnologia de ponta, a Icoone Laser Med pode ser a solu\u00e7\u00e3o ideal.<\/p>\t\t<\/div>\n\t\t\t\t\t<div class=\"ehp-cta__ctas-container has-cta-width-default\">\n\t\t\t\t<div class=\"ehp-cta__buttons-wrapper\">\n\t\t\t\t\t\t\t\t\t\t\t\t\t\t<\/div>\n\t\t\t<\/div>\n\t\t\t\t\t<\/div>\n\t\t<\/div>\n\t\t\t\t\t\t<\/div>\n\t\t\t\t<\/div>\n\t\t\t\t\t<\/div>\n\t\t\t\t<\/div>\n\t\t<div class=\"elementor-element elementor-element-2e5624f1 e-con-full e-flex wpr-particle-no wpr-jarallax-no wpr-parallax-no wpr-sticky-section-no wpr-equal-height-no e-con e-parent\" data-id=\"2e5624f1\" data-element_type=\"container\" data-e-type=\"container\">\n\t\t\t\t<div class=\"elementor-element elementor-element-494ac8be animated-fast elementor-invisible elementor-widget elementor-widget-cta\" data-id=\"494ac8be\" data-element_type=\"widget\" data-e-type=\"widget\" data-settings=\"{&quot;primary_button_shape&quot;:&quot;round&quot;,&quot;secondary_button_shape&quot;:&quot;round&quot;,&quot;_animation&quot;:&quot;fadeIn&quot;,&quot;_animation_delay&quot;:&quot;100&quot;,&quot;layout_preset&quot;:&quot;streamline&quot;,&quot;cta_width_mobile&quot;:&quot;stretch&quot;,&quot;content_alignment&quot;:&quot;center&quot;,&quot;content_alignment_tablet&quot;:&quot;center&quot;,&quot;content_alignment_mobile&quot;:&quot;center&quot;,&quot;cta_width&quot;:&quot;default&quot;,&quot;cta_position&quot;:&quot;default&quot;,&quot;box_shape&quot;:&quot;sharp&quot;}\" data-widget_type=\"cta.default\">\n\t\t\t\t<div class=\"elementor-widget-container\">\n\t\t\t\t\t\t\t<div class=\"has-shape-sharp shape-type-box ehp-cta has-preset-streamline\">\n\t\t\t<div class=\"ehp-cta__overlay\"><\/div>\n\t\t\t<div class=\"ehp-cta__elements-container\">\n\t\t\t\t\t\t<div class=\"ehp-cta__text-container\">\n\t\t\t<h2 class=\"ehp-cta__heading\">O seu equil\u00edbrio tem um local ideal<\/h2><p class=\"ehp-cta__description\">Entre em contacto connosco e marque j\u00e1 a sua consulta.<\/p>\t\t<\/div>\n\t\t\t\t\t<div class=\"ehp-cta__ctas-container has-cta-width-default has-cta-width-sm-stretch\">\n\t\t\t\t<div class=\"ehp-cta__buttons-wrapper\">\n\t\t\t\t\t\t\t<a class=\"has-shape-round shape-type-button ehp-button ehp-button--primary ehp-cta__button ehp-cta__button--primary is-type-button has-border\" href=\"tel:+351924132989\" target=\"_blank\">\n\t\t\t<svg aria-hidden=\"true\" class=\"ehp-button__icon e-font-icon-svg e-fas-phone-alt\" 0=\"ehp-cta__button-icon\" viewBox=\"0 0 512 512\" xmlns=\"http:\/\/www.w3.org\/2000\/svg\"><path d=\"M497.39 361.8l-112-48a24 24 0 0 0-28 6.9l-49.6 60.6A370.66 370.66 0 0 1 130.6 204.11l60.6-49.6a23.94 23.94 0 0 0 6.9-28l-48-112A24.16 24.16 0 0 0 122.6.61l-104 24A24 24 0 0 0 0 48c0 256.5 207.9 464 464 464a24 24 0 0 0 23.4-18.6l24-104a24.29 24.29 0 0 0-14.01-27.6z\"><\/path><\/svg>\t\t<span class=\"ehp-button__text ehp-cta__button-text ehp-cta__button-text--primary\">\n\t\t\tLigue-nos\t\t\t\t<\/a>\n\t\t\t\t\t\t\t\t\t<a class=\"has-shape-round shape-type-button ehp-button ehp-button--secondary ehp-cta__button ehp-cta__button--secondary is-type-button has-border\" href=\"https:\/\/yourbalance.pt\/?page_id=39\">\n\t\t\t\t\t<span class=\"ehp-button__text ehp-cta__button-text ehp-cta__button-text--secondary\">\n\t\t\tTem d\u00favidas?\t\t\t\t<\/a>\n\t\t\t\t\t\t<\/div>\n\t\t\t<\/div>\n\t\t\t\t\t<\/div>\n\t\t<\/div>\n\t\t\t\t\t\t<\/div>\n\t\t\t\t<\/div>\n\t\t\t\t<\/div>\n\t\t\t\t<\/div>\n\t\t","protected":false},"excerpt":{"rendered":"<p>O seu equil\u00edbrio tem um local ideal. Your Balance \u00e9 um centro de est\u00e9tica no Carregado dedicado ao cuidado consciente do corpo e da pele. Oferecemos tratamentos faciais e corporais personalizados, bem como servi\u00e7os de depila\u00e7\u00e3o realizados com rigor, conforto e aten\u00e7\u00e3o ao detalhe. Num ambiente tranquilo e sofisticado, cada experi\u00eancia \u00e9 pensada para promover equil\u00edbrio, bem-estar e resultados vis\u00edveis. os nossos tratamentos Tratamentosfaciais Na Your Balance, oferecemos servi\u00e7os faciais personalizados que promovem limpeza profunda, hidrata\u00e7\u00e3o, revitaliza\u00e7\u00e3o e rejuvenescimento da pele. TratamentosCorporais Os tratamentos corporais s\u00e3o pensados para cuidar do seu corpo de forma completa, promovendo relaxamento, modelagem, redu\u00e7\u00e3o de medidas e melhora da apar\u00eancia da pele. Ver Todos os Servi\u00e7os Depila\u00e7\u00e3o Completa Oferecemos depila\u00e7\u00e3o completa com t\u00e9cnicas seguras e eficazes, garantindo pele lisa, macia e bem cuidada por muito mais tempo. Icoone Laser Med A Icoone Laser Med \u00e9 um tratamento inovador que combina laser, LED e microestimula\u00e7\u00e3o mec\u00e2nica para atuar de forma profunda e precisa nos tecidos. Se procura redefinir o seu corpo e melhorar a qualidade da sua pele com tecnologia de ponta, a Icoone Laser Med pode ser a solu\u00e7\u00e3o ideal. O seu equil\u00edbrio tem um local ideal Entre em contacto connosco e marque j\u00e1 a sua consulta. Ligue-nos Tem d\u00favidas?<\/p>\n","protected":false},"author":1,"featured_media":0,"parent":0,"menu_order":0,"comment_status":"closed","ping_status":"closed","template":"elementor_header_footer","meta":{"footnotes":""},"class_list":["post-15","page","type-page","status-publish","hentry"],"_links":{"self":[{"href":"https:\/\/yourbalance.pt\/index.php?rest_route=\/wp\/v2\/pages\/15","targetHints":{"allow":["GET"]}}],"collection":[{"href":"https:\/\/yourbalance.pt\/index.php?rest_route=\/wp\/v2\/pages"}],"about":[{"href":"https:\/\/yourbalance.pt\/index.php?rest_route=\/wp\/v2\/types\/page"}],"author":[{"embeddable":true,"href":"https:\/\/yourbalance.pt\/index.php?rest_route=\/wp\/v2\/users\/1"}],"replies":[{"embeddable":true,"href":"https:\/\/yourbalance.pt\/index.php?rest_route=%2Fwp%2Fv2%2Fcomments&post=15"}],"version-history":[{"count":49,"href":"https:\/\/yourbalance.pt\/index.php?rest_route=\/wp\/v2\/pages\/15\/revisions"}],"predecessor-version":[{"id":184,"href":"https:\/\/yourbalance.pt\/index.php?rest_route=\/wp\/v2\/pages\/15\/revisions\/184"}],"wp:attachment":[{"href":"https:\/\/yourbalance.pt\/index.php?rest_route=%2Fwp%2Fv2%2Fmedia&parent=15"}],"curies":[{"name":"wp","href":"https:\/\/api.w.org\/{rel}","templated":true}]}}